{"id":8,"date":"2023-11-09T09:26:04","date_gmt":"2023-11-09T12:26:04","guid":{"rendered":"http:\/\/brasilcinema.com.br\/?page_id=8"},"modified":"2025-06-25T11:33:33","modified_gmt":"2025-06-25T14:33:33","slug":"em-construcao","status":"publish","type":"page","link":"https:\/\/brasilcinema.com.br\/","title":{"rendered":"Em constru\u00e7\u00e3o!"},"content":{"rendered":"\t\t<div data-elementor-type=\"wp-page\" data-elementor-id=\"8\" class=\"elementor elementor-8\">\n\t\t\t\t\t\t\t\t\t<section class=\"elementor-section elementor-top-section elementor-element elementor-element-1fdb566 elementor-section-height-min-height elementor-section-full_width elementor-section-height-default elementor-section-items-middle\" data-id=\"1fdb566\" data-element_type=\"section\" data-settings=\"{&quot;background_background&quot;:&quot;video&quot;,&quot;background_video_link&quot;:&quot;https:\\\/\\\/www.youtube.com\\\/watch?v=9YTlLlMmk_A&quot;,&quot;background_video_end&quot;:115}\">\n\t\t\t\t\t\t\t\t<div class=\"elementor-background-video-container elementor-hidden-phone\">\n\t\t\t\t\t\t\t\t\t\t\t\t\t<div class=\"elementor-background-video-embed\"><\/div>\n\t\t\t\t\t\t\t\t\t\t\t\t<\/div>\n\t\t\t\t\t\t\t\t<div class=\"elementor-container elementor-column-gap-default\">\n\t\t\t\t\t<div class=\"elementor-column elementor-col-100 elementor-top-column elementor-element elementor-element-58870e9\" data-id=\"58870e9\" data-element_type=\"column\">\n\t\t\t<div class=\"elementor-widget-wrap\">\n\t\t\t\t\t\t\t\t\t<\/div>\n\t\t<\/div>\n\t\t\t\t\t\t\t<\/div>\n\t\t<\/section>\n\t\t\t\t<section class=\"elementor-section elementor-top-section elementor-element elementor-element-1371ff2 elementor-section-height-min-height elementor-section-boxed elementor-section-height-default elementor-section-items-middle\" data-id=\"1371ff2\" data-element_type=\"section\">\n\t\t\t\t\t\t<div class=\"elementor-container elementor-column-gap-default\">\n\t\t\t\t\t<div class=\"elementor-column elementor-col-100 elementor-top-column elementor-element elementor-element-dcb8e63\" data-id=\"dcb8e63\" data-element_type=\"column\">\n\t\t\t<div class=\"elementor-widget-wrap elementor-element-populated\">\n\t\t\t\t\t\t\t\t<div class=\"elementor-element elementor-element-cde98a0 elementor-widget elementor-widget-image\" data-id=\"cde98a0\" data-element_type=\"widget\" data-widget_type=\"image.default\">\n\t\t\t\t<div class=\"elementor-widget-container\">\n\t\t\t<style>\/*! elementor - v3.12.1 - 02-04-2023 *\/\n.elementor-widget-image{text-align:center}.elementor-widget-image a{display:inline-block}.elementor-widget-image a img[src$=\".svg\"]{width:48px}.elementor-widget-image img{vertical-align:middle;display:inline-block}<\/style>\t\t\t\t\t\t\t\t\t\t\t\t<img loading=\"lazy\" decoding=\"async\" width=\"1272\" height=\"310\" src=\"https:\/\/brasilcinema.com.br\/wp-content\/uploads\/2023\/11\/Itumbiara-Terra-de-Encantos-e-Tradicoes-3-1-e1734369058133.png\" class=\"attachment-1536x1536 size-1536x1536 wp-image-39\" alt=\"\" srcset=\"https:\/\/brasilcinema.com.br\/wp-content\/uploads\/2023\/11\/Itumbiara-Terra-de-Encantos-e-Tradicoes-3-1-e1734369058133.png 1272w, https:\/\/brasilcinema.com.br\/wp-content\/uploads\/2023\/11\/Itumbiara-Terra-de-Encantos-e-Tradicoes-3-1-e1734369058133-300x73.png 300w, https:\/\/brasilcinema.com.br\/wp-content\/uploads\/2023\/11\/Itumbiara-Terra-de-Encantos-e-Tradicoes-3-1-e1734369058133-1024x250.png 1024w, https:\/\/brasilcinema.com.br\/wp-content\/uploads\/2023\/11\/Itumbiara-Terra-de-Encantos-e-Tradicoes-3-1-e1734369058133-768x187.png 768w\" sizes=\"auto, (max-width: 1272px) 100vw, 1272px\" \/>\t\t\t\t\t\t\t\t\t\t\t\t\t\t\t<\/div>\n\t\t\t\t<\/div>\n\t\t\t\t\t<\/div>\n\t\t<\/div>\n\t\t\t\t\t\t\t<\/div>\n\t\t<\/section>\n\t\t\t\t<section class=\"elementor-section elementor-top-section elementor-element elementor-element-3cfa4e7 elementor-section-boxed elementor-section-height-default elementor-section-height-default\" data-id=\"3cfa4e7\" data-element_type=\"section\">\n\t\t\t\t\t\t<div class=\"elementor-container elementor-column-gap-default\">\n\t\t\t\t\t<div class=\"elementor-column elementor-col-100 elementor-top-column elementor-element elementor-element-113f680\" data-id=\"113f680\" data-element_type=\"column\">\n\t\t\t<div class=\"elementor-widget-wrap elementor-element-populated\">\n\t\t\t\t\t\t\t\t<div class=\"elementor-element elementor-element-7c723e6 elementor-widget__width-initial elementor-widget elementor-widget-text-editor\" data-id=\"7c723e6\" data-element_type=\"widget\" data-widget_type=\"text-editor.default\">\n\t\t\t\t<div class=\"elementor-widget-container\">\n\t\t\t<style>\/*! elementor - v3.12.1 - 02-04-2023 *\/\n.elementor-widget-text-editor.elementor-drop-cap-view-stacked .elementor-drop-cap{background-color:#69727d;color:#fff}.elementor-widget-text-editor.elementor-drop-cap-view-framed .elementor-drop-cap{color:#69727d;border:3px solid;background-color:transparent}.elementor-widget-text-editor:not(.elementor-drop-cap-view-default) .elementor-drop-cap{margin-top:8px}.elementor-widget-text-editor:not(.elementor-drop-cap-view-default) .elementor-drop-cap-letter{width:1em;height:1em}.elementor-widget-text-editor .elementor-drop-cap{float:left;text-align:center;line-height:1;font-size:50px}.elementor-widget-text-editor .elementor-drop-cap-letter{display:inline-block}<\/style>\t\t\t\t<p>O document\u00e1rio <strong>&#8220;Itumbiara: Terra de Encantos e Tradi\u00e7\u00f5es&#8221;<\/strong> \u00e9 uma jornada fascinante<br \/>que revela o potencial tur\u00edstico e cultural da cidade de Itumbiara. Com dura\u00e7\u00e3o de 15<br \/>minutos, essa produ\u00e7\u00e3o cinematogr\u00e1fica \u00e9 uma imers\u00e3o profunda na riqueza hist\u00f3rica e<br \/>na vibrante vida cotidiana da regi\u00e3o.<\/p><p>O document\u00e1rio ser\u00e1 dividido em v\u00e1rias partes, cada<br \/>uma delas explorando um aspecto \u00fanico e cativante da cidade:<\/p><p><strong>Hist\u00f3ria da cidade:<\/strong> Nesta primeira parte, mergulharemos nas ra\u00edzes da cidade de<br \/>Itumbiara. Descobrimos os marcos hist\u00f3ricos, as figuras importantes que moldaram seu<br \/>passado e como a cidade cresceu ao longo dos anos.<\/p><p><strong>Os pontos tur\u00edsticos:<\/strong> Itumbiara est\u00e1 repleta de locais deslumbrantes e atrativos tur\u00edsticos.<br \/>Esta se\u00e7\u00e3o do document\u00e1rio nos leva a uma viagem pelos lugares mais emblem\u00e1ticos da<br \/>cidade, desde a beleza natural at\u00e9 os locais que contam sua hist\u00f3ria.<\/p><p><strong>As principais festas da cidade:<\/strong> Itumbiara \u00e9 famosa por suas festas animadas. A se\u00e7\u00e3o<br \/>dedicada a esses eventos nos leva a uma jornada festiva que inclui o Arrai\u00e1, a Festa de<br \/>Nossa Senhora das Gra\u00e7as e a Barraquinha de Santa Rita. Descobrimos como essas<br \/>celebra\u00e7\u00f5es desempenham um papel fundamental na vida da comunidade.<\/p><p><strong>A for\u00e7a do com\u00e9rcio e da ind\u00fastria:<\/strong> Itumbiara \u00e9 uma cidade em crescimento, e sua<br \/>economia \u00e9 impulsionada pelo com\u00e9rcio e pela ind\u00fastria. Nesta parte do document\u00e1rio,<br \/>exploramos o dinamismo empresarial da cidade e como ele contribui para o seu<br \/>desenvolvimento cont\u00ednuo.<\/p><p><strong>&#8220;Itumbiara: Terra de Encantos e Tradi\u00e7\u00f5es&#8221;<\/strong> \u00e9 um retrato detalhado da rica hist\u00f3ria e<\/p><p>cultura da cidade. Este document\u00e1rio n\u00e3o apenas inspira a admira\u00e7\u00e3o pelo que Itumbiara<br \/>tem a oferecer, mas tamb\u00e9m destaca a import\u00e2ncia de preservar e celebrar suas tradi\u00e7\u00f5es e<br \/>conquistas. \u00c9 uma viagem imperd\u00edvel para quem deseja conhecer e se encantar com essa<br \/>joia do interior brasileiro.<\/p><p>Dire\u00e7\u00e3o: Paulo Vin\u00edcius &#8220;Paulim&#8221;<\/p>\t\t\t\t\t\t<\/div>\n\t\t\t\t<\/div>\n\t\t\t\t\t<\/div>\n\t\t<\/div>\n\t\t\t\t\t\t\t<\/div>\n\t\t<\/section>\n\t\t\t\t\t\t\t<\/div>\n\t\t","protected":false},"excerpt":{"rendered":"<p>O document\u00e1rio &#8220;Itumbiara: Terra de Encantos e Tradi\u00e7\u00f5es&#8221; \u00e9 uma jornada fascinanteque revela o potencial tur\u00edstico e cultural da cidade de Itumbiara. Com dura\u00e7\u00e3o de 15minutos, essa produ\u00e7\u00e3o cinematogr\u00e1fica \u00e9 uma imers\u00e3o profunda na riqueza hist\u00f3rica ena vibrante vida cotidiana da regi\u00e3o. O document\u00e1rio ser\u00e1 dividido em v\u00e1rias partes, cadauma delas explorando um aspecto \u00fanico [&hellip;]<\/p>\n","protected":false},"author":1,"featured_media":39,"parent":0,"menu_order":0,"comment_status":"closed","ping_status":"closed","template":"elementor_canvas","meta":{"footnotes":""},"class_list":["post-8","page","type-page","status-publish","has-post-thumbnail","hentry"],"_links":{"self":[{"href":"https:\/\/brasilcinema.com.br\/index.php\/wp-json\/wp\/v2\/pages\/8","targetHints":{"allow":["GET"]}}],"collection":[{"href":"https:\/\/brasilcinema.com.br\/index.php\/wp-json\/wp\/v2\/pages"}],"about":[{"href":"https:\/\/brasilcinema.com.br\/index.php\/wp-json\/wp\/v2\/types\/page"}],"author":[{"embeddable":true,"href":"https:\/\/brasilcinema.com.br\/index.php\/wp-json\/wp\/v2\/users\/1"}],"replies":[{"embeddable":true,"href":"https:\/\/brasilcinema.com.br\/index.php\/wp-json\/wp\/v2\/comments?post=8"}],"version-history":[{"count":65,"href":"https:\/\/brasilcinema.com.br\/index.php\/wp-json\/wp\/v2\/pages\/8\/revisions"}],"predecessor-version":[{"id":108,"href":"https:\/\/brasilcinema.com.br\/index.php\/wp-json\/wp\/v2\/pages\/8\/revisions\/108"}],"wp:featuredmedia":[{"embeddable":true,"href":"https:\/\/brasilcinema.com.br\/index.php\/wp-json\/wp\/v2\/media\/39"}],"wp:attachment":[{"href":"https:\/\/brasilcinema.com.br\/index.php\/wp-json\/wp\/v2\/media?parent=8"}],"curies":[{"name":"wp","href":"https:\/\/api.w.org\/{rel}","templated":true}]}}